{"id":247,"date":"2022-02-05T12:40:36","date_gmt":"2022-02-05T12:40:36","guid":{"rendered":"http:\/\/nieuwjaarsconcerthelmond.nl\/1\/?page_id=247"},"modified":"2026-01-04T19:29:39","modified_gmt":"2026-01-04T19:29:39","slug":"historie","status":"publish","type":"page","link":"https:\/\/www.nieuwjaarsconcerthelmond.nl\/1\/historie\/","title":{"rendered":"Historie"},"content":{"rendered":"<p>[vc_row css=&#8221;.vc_custom_1644067116797{margin-top: 30px !important;}&#8221;][vc_column][vc_row_inner][vc_column_inner width=&#8221;1\/6&#8243;][\/vc_column_inner][vc_column_inner width=&#8221;2\/3&#8243;][vc_column_text]<\/p>\n<h2>De historie van voorgaande goede doelen<\/h2>\n<p>[\/vc_column_text][vc_column_text]<\/p>\n<h3>2025<\/h3>\n<p>[\/vc_column_text][vc_column_text]<\/p>\n<ul>\n<li>Project Sterk aan het Werk<\/li>\n<li>Jinc Bliksemstages<\/li>\n<li>Stichting Speel je mee<\/li>\n<li>Jongeren Informatie Punt: Tienermoederproject \u201cMijn Kleine\u201d<\/li>\n<li>Scouting Helmond<\/li>\n<li>De Kindervakantieweek, Helmond Oost<\/li>\n<\/ul>\n<p>[\/vc_column_text][vc_column_text]<\/p>\n<h3>2024<\/h3>\n<p>[\/vc_column_text][vc_column_text]<\/p>\n<ul>\n<li>De Buurtcamping Helmond Noord<\/li>\n<li>Toneelgroep Genesius<\/li>\n<li>Bibliotheek Helmond &#8211; Blikkie<\/li>\n<li>Dierenparken Helmond<\/li>\n<li>Vrienden van ORO<\/li>\n<\/ul>\n<p>[\/vc_column_text][vc_column_text]<\/p>\n<h3>2023<\/h3>\n<p>[\/vc_column_text][vc_column_text]<\/p>\n<ul>\n<li>Schuldhulpmaatje &#8211; Samen lukt \u2019t<\/li>\n<li>Stichting Ondersteuning Vrijwilligers<\/li>\n<li>Stichting Leergeld &#8211; Alle kinderen mogen meedoen<\/li>\n<li>Werkgroep we care Helmond<\/li>\n<\/ul>\n<p>[\/vc_column_text][vc_column_text]<\/p>\n<h3>2022<\/h3>\n<p>[\/vc_column_text][vc_column_text]<\/p>\n<ul>\n<li>Bibliotheek Helmond<\/li>\n<li>M\u00e9\u00e9r Muziek in de Klas<\/li>\n<li>Anton van Dijkschool<\/li>\n<li>Stichting Helmondse Sporthelden<\/li>\n<li>Oekra\u00efnse opvang in Helmond<\/li>\n<\/ul>\n<p>[\/vc_column_text][vc_column_text]<\/p>\n<h3>2020<\/h3>\n<p>[\/vc_column_text][vc_column_text]<\/p>\n<ul>\n<li>Stichting Lucas Gassel<\/li>\n<li>Stichting Meedoen Helmond<\/li>\n<li>Participatiekoor Lambertus Concerten<\/li>\n<li>Lang Leve Cultuur\/Hart voor Ouderen<\/li>\n<li>Jibb+ en Healthy Sisters<\/li>\n<li>Obuma Nederland-Uganda<\/li>\n<li>MOV Stiphout<\/li>\n<li>Death Valley de Peel<\/li>\n<\/ul>\n<p>[\/vc_column_text][vc_column_text]<\/p>\n<h3>2019<\/h3>\n<p>[\/vc_column_text][vc_column_text]<\/p>\n<ul>\n<li>CoderDojo Helmond<\/li>\n<li>De Cirkel<\/li>\n<li>Nei Skoen<\/li>\n<li>Ouders en Jeugdzorg<\/li>\n<li>Ruilwinkel Humanitas\u00a0Helmond<\/li>\n<li>Minor en Het Baken<\/li>\n<li>De Korenaer<\/li>\n<\/ul>\n<p>[\/vc_column_text][vc_column_text]<\/p>\n<h3>2018<\/h3>\n<p>[\/vc_column_text][vc_column_text]<\/p>\n<ul>\n<li>Stichting Lambertusconcerten<\/li>\n<li>Parkinsoncaf\u00e9<\/li>\n<li>Project Ready to Rock<\/li>\n<li>Stichting Rimboband<\/li>\n<li>Stichting LIEF<\/li>\n<li>Stichting Theo Driessen Instituut<\/li>\n<li>Stichting Duofietsen<\/li>\n<li>De Cacaofabriek<\/li>\n<\/ul>\n<p>[\/vc_column_text][vc_column_text]<\/p>\n<h3>2017<\/h3>\n<p>[\/vc_column_text][vc_column_text]<\/p>\n<ul>\n<li>Draaiorgelmuseum Helmond<\/li>\n<li>Kindercircus Jacona<\/li>\n<li>Podium West<\/li>\n<li>Speeltuin Helmond-West<\/li>\n<li>Will Hawkins Foundation<\/li>\n<li>Amy Siemons Foundation<\/li>\n<\/ul>\n<p>[\/vc_column_text][vc_column_text]<\/p>\n<h3>2016<\/h3>\n<p>[\/vc_column_text][vc_column_text]<\/p>\n<ul>\n<li>Jan Visser Dierenparken<\/li>\n<li>Jan Visser Museum<\/li>\n<li>Psychose Cafe Helmond<\/li>\n<li>Speeltuin Leonardus<\/li>\n<li>VerwenEvent<\/li>\n<li>Stg. Helmond Zorg Lambertus<\/li>\n<li>Afd. 4A \/ Oncologie van het Elkerliek<\/li>\n<\/ul>\n<p>[\/vc_column_text][vc_column_text]<\/p>\n<h3>2015<\/h3>\n<ul>\n<li><\/li>\n<\/ul>\n<p>[\/vc_column_text][vc_column_text]<\/p>\n<ul>\n<li>Jibb<\/li>\n<li>Stichting speel je mee<\/li>\n<li>De Hilt<\/li>\n<li>Stichting Leergeld\u00a0Helmond<\/li>\n<li>Inloophuis De Cirkel<\/li>\n<\/ul>\n<ul>\n<li><\/li>\n<\/ul>\n<p>[\/vc_column_text][vc_column_text]<\/p>\n<h3>2014<\/h3>\n<ul>\n<li><\/li>\n<\/ul>\n<p>[\/vc_column_text][vc_column_text]<\/p>\n<ul>\n<li>Lunchroom De Keijser<\/li>\n<li>Het Kunstkwartier<\/li>\n<\/ul>\n<ul>\n<li><\/li>\n<\/ul>\n<p>[\/vc_column_text][vc_column_text]<\/p>\n<h3>2013<\/h3>\n<ul>\n<li><\/li>\n<\/ul>\n<p>[\/vc_column_text][vc_column_text]<\/p>\n<ul>\n<li>Super Sociaal<\/li>\n<li>Hospice De Populier<\/li>\n<\/ul>\n<ul>\n<li><\/li>\n<\/ul>\n<p>[\/vc_column_text][vc_column_text]<\/p>\n<h3>2012<\/h3>\n<p>[\/vc_column_text][vc_column_text]<\/p>\n<ul>\n<li>Playing for Succes<\/li>\n<li>Match Mentor Project<\/li>\n<\/ul>\n<p>[\/vc_column_text][vc_column_text]<\/p>\n<h3>2011<\/h3>\n<ul>\n<li><\/li>\n<\/ul>\n<p>[\/vc_column_text][vc_column_text]<\/p>\n<ul>\n<li>Inloophuis De Cirkel<\/li>\n<li>Theo Driessen Instituut<\/li>\n<\/ul>\n<ul>\n<li><\/li>\n<\/ul>\n<p>[\/vc_column_text][vc_column_text]<\/p>\n<h3>2010<\/h3>\n<p>[\/vc_column_text][vc_column_text]<\/p>\n<ul>\n<li>Stichting Industrieel Erfgoed<\/li>\n<li>Stichting de Nederlandse Cacaofabriek<\/li>\n<\/ul>\n<p>[\/vc_column_text][vc_column_text]<\/p>\n<h3>2009<\/h3>\n<ul>\n<li><\/li>\n<\/ul>\n<p>[\/vc_column_text][vc_column_text]<\/p>\n<ul>\n<li>Out of Area<\/li>\n<li>de Ruilwinkel Helmond<\/li>\n<\/ul>\n<ul>\n<li><\/li>\n<\/ul>\n<p>[\/vc_column_text][vc_column_text]<\/p>\n<h3>2008<\/h3>\n<ul>\n<li><\/li>\n<\/ul>\n<p>[\/vc_column_text][vc_column_text]<\/p>\n<ul>\n<li>Stichting Osami, L\u2019Accolade<\/li>\n<li>Stichting De Noodkreet<\/li>\n<\/ul>\n<ul>\n<li><\/li>\n<\/ul>\n<p>[\/vc_column_text][vc_column_text]<\/p>\n<h3>2007<\/h3>\n<ul>\n<li><\/li>\n<\/ul>\n<p>[\/vc_column_text][vc_column_text]<\/p>\n<ul>\n<li>Rode Kruis Helmond<\/li>\n<li>het Alzheimer Caf\u00e9<\/li>\n<li>Stichting Welzijn Helmond,\u00a0afd. Helmond-Noord<\/li>\n<\/ul>\n<p>[\/vc_column_text][vc_column_text]<\/p>\n<h3>2006<\/h3>\n<p>[\/vc_column_text][vc_column_text]<\/p>\n<ul>\n<li>Stichting Welzijn Ouderen Helmond\u00a0(SWOH)<\/li>\n<li>Stichting Kleinschalig Begeleid Wonen\u00a0(KBWO)<\/li>\n<\/ul>\n<p>[\/vc_column_text][\/vc_column_inner][vc_column_inner width=&#8221;1\/6&#8243;][\/vc_column_inner][\/vc_row_inner][\/vc_column][\/vc_row][vc_row el_class=&#8221;.bannermetrand .bgkleur3&#8243; css=&#8221;.vc_custom_1643991732273{margin-top: 30px !important;padding-top: 20px !important;}&#8221;][vc_column width=&#8221;1\/6&#8243;][\/vc_column][vc_column width=&#8221;2\/3&#8243;][vc_row_inner][vc_column_inner width=&#8221;1\/3&#8243;][vc_column_text]<\/p>\n<table>\n<tbody>\n<tr>\n<td><img decoding=\"async\" class=\" wp-image-214 alignleft\" src=\"http:\/\/nieuwjaarsconcerthelmond.nl\/1\/wp-content\/uploads\/2022\/02\/mapmarker-wit-300x300.png\" alt=\"\" width=\"56\" height=\"56\" srcset=\"https:\/\/www.nieuwjaarsconcerthelmond.nl\/1\/wp-content\/uploads\/2022\/02\/mapmarker-wit-300x300.png 300w, https:\/\/www.nieuwjaarsconcerthelmond.nl\/1\/wp-content\/uploads\/2022\/02\/mapmarker-wit-150x150.png 150w, https:\/\/www.nieuwjaarsconcerthelmond.nl\/1\/wp-content\/uploads\/2022\/02\/mapmarker-wit-768x768.png 768w, https:\/\/www.nieuwjaarsconcerthelmond.nl\/1\/wp-content\/uploads\/2022\/02\/mapmarker-wit-75x75.png 75w, https:\/\/www.nieuwjaarsconcerthelmond.nl\/1\/wp-content\/uploads\/2022\/02\/mapmarker-wit.png 1000w\" sizes=\"(max-width: 56px) 100vw, 56px\" \/><\/td>\n<td>Ter AA<br \/>\nKeizerin Marialaan 2<br \/>\n5702 NR Helmond<\/td>\n<\/tr>\n<\/tbody>\n<\/table>\n<p>[\/vc_column_text][\/vc_column_inner][vc_column_inner width=&#8221;1\/3&#8243;][vc_column_text]<\/p>\n<table>\n<tbody>\n<tr>\n<td><img decoding=\"async\" class=\" wp-image-213 alignleft\" src=\"http:\/\/nieuwjaarsconcerthelmond.nl\/1\/wp-content\/uploads\/2022\/02\/male-wit-300x300.png\" alt=\"\" width=\"56\" height=\"56\" srcset=\"https:\/\/www.nieuwjaarsconcerthelmond.nl\/1\/wp-content\/uploads\/2022\/02\/male-wit-300x300.png 300w, https:\/\/www.nieuwjaarsconcerthelmond.nl\/1\/wp-content\/uploads\/2022\/02\/male-wit-150x150.png 150w, https:\/\/www.nieuwjaarsconcerthelmond.nl\/1\/wp-content\/uploads\/2022\/02\/male-wit-768x768.png 768w, https:\/\/www.nieuwjaarsconcerthelmond.nl\/1\/wp-content\/uploads\/2022\/02\/male-wit-75x75.png 75w, https:\/\/www.nieuwjaarsconcerthelmond.nl\/1\/wp-content\/uploads\/2022\/02\/male-wit.png 1000w\" sizes=\"(max-width: 56px) 100vw, 56px\" \/><\/td>\n<td>Dhr. Mark Sanders<br \/>\nVoorzitter<br \/>\n<span style=\"font-family: inherit; font-size: inherit;\"><a href=\"mailto: mark@definancielewooncoach.nl\">mark@definancielewooncoach.n<\/a>l<\/span><br \/>\n+31 <span style=\"font-family: inherit; font-size: inherit;\">6 \u00a021 17 63 12<\/span><\/td>\n<\/tr>\n<\/tbody>\n<\/table>\n<p>[\/vc_column_text][\/vc_column_inner][vc_column_inner width=&#8221;1\/3&#8243;][vc_column_text]<\/p>\n<table>\n<tbody>\n<tr>\n<td><img decoding=\"async\" class=\" wp-image-212 alignleft\" src=\"http:\/\/nieuwjaarsconcerthelmond.nl\/1\/wp-content\/uploads\/2022\/02\/male-wit-300x300.png\" alt=\"\" width=\"56\" height=\"56\" \/><\/td>\n<td>Dhr. Ren\u00e9 Coolen<br \/>\nSecretaris \/ Programmering \/ PR<br \/>\n<a href=\"mailto:secretaris@nieuwjaarsconcerthelmond.nl\">secretaris@nieuwjaarsconcerthelmond.nl<\/a><br \/>\n+31 6 24 34 91 96<\/td>\n<\/tr>\n<\/tbody>\n<\/table>\n<p>[\/vc_column_text][\/vc_column_inner][\/vc_row_inner][vc_row_inner][vc_column_inner width=&#8221;1\/3&#8243;][vc_column_text]<\/p>\n<table>\n<tbody>\n<tr>\n<td><img loading=\"lazy\" decoding=\"async\" class=\" wp-image-213 alignleft\" src=\"http:\/\/nieuwjaarsconcerthelmond.nl\/1\/wp-content\/uploads\/2022\/02\/female-wit-300x300.png\" alt=\"\" width=\"56\" height=\"56\" \/><\/td>\n<td>Mw. Antoinette Knoet-Michels<br \/>\nSponsorwerving<br \/>\n<a href=\"mailto:antoinette@knoetmichels.nl\">antoinette@knoetmichels.nl<\/a><br \/>\n+31 6 15 07 74 93<\/td>\n<\/tr>\n<\/tbody>\n<\/table>\n<p>[\/vc_column_text][\/vc_column_inner][vc_column_inner width=&#8221;1\/3&#8243;][vc_column_text]<\/p>\n<table>\n<tbody>\n<tr>\n<td><img decoding=\"async\" class=\" wp-image-213 alignleft\" src=\"http:\/\/nieuwjaarsconcerthelmond.nl\/1\/wp-content\/uploads\/2022\/02\/male-wit-300x300.png\" alt=\"\" width=\"56\" height=\"56\" srcset=\"https:\/\/www.nieuwjaarsconcerthelmond.nl\/1\/wp-content\/uploads\/2022\/02\/male-wit-300x300.png 300w, https:\/\/www.nieuwjaarsconcerthelmond.nl\/1\/wp-content\/uploads\/2022\/02\/male-wit-150x150.png 150w, https:\/\/www.nieuwjaarsconcerthelmond.nl\/1\/wp-content\/uploads\/2022\/02\/male-wit-768x768.png 768w, https:\/\/www.nieuwjaarsconcerthelmond.nl\/1\/wp-content\/uploads\/2022\/02\/male-wit-75x75.png 75w, https:\/\/www.nieuwjaarsconcerthelmond.nl\/1\/wp-content\/uploads\/2022\/02\/male-wit.png 1000w\" sizes=\"(max-width: 56px) 100vw, 56px\" \/><\/td>\n<td>Dhr. Gertjan Aarts<br \/>\nSponsorwerving<br \/>\n<a href=\"mailto:gertjan@aartsrisicoadvies.nl\">gertjan@aartsrisicoadvies.nl<\/a><br \/>\n+31 6 11 01 52 43<\/td>\n<\/tr>\n<\/tbody>\n<\/table>\n<p>[\/vc_column_text][\/vc_column_inner][vc_column_inner width=&#8221;1\/3&#8243;][vc_column_text]<\/p>\n<table>\n<tbody>\n<tr>\n<td><img loading=\"lazy\" decoding=\"async\" class=\" wp-image-213 alignleft\" src=\"http:\/\/nieuwjaarsconcerthelmond.nl\/1\/wp-content\/uploads\/2022\/02\/copyright-wit-300x300.png\" alt=\"\" width=\"56\" height=\"56\" \/><\/td>\n<td>Alle rechten voorbehouden<br \/>\n<strong><a id=\"atwlogo-off\" href=\"http:\/\/2atwork.com\/\" target=\"_blank\" rel=\"noopener\">2atwork.com<\/a><\/strong><\/td>\n<\/tr>\n<\/tbody>\n<\/table>\n<p>[\/vc_column_text][\/vc_column_inner][\/vc_row_inner][\/vc_column][vc_column width=&#8221;1\/6&#8243;][\/vc_column][\/vc_row]<\/p>\n","protected":false},"excerpt":{"rendered":"<p>[vc_row css=&#8221;.vc_custom_1644067116797{margin-top: 30px !important;}&#8221;][vc_column][vc_row_inner][vc_column_inner width=&#8221;1\/6&#8243;][\/vc_column_inner][vc_column_inner width=&#8221;2\/3&#8243;][vc_column_text] De historie van voorgaande goede doelen [\/vc_column_text][vc_column_text] 2025 [\/vc_column_text][vc_column_text] Project Sterk aan het Werk Jinc Bliksemstages Stichting Speel je mee Jongeren Informatie Punt: Tienermoederproject \u201cMijn Kleine\u201d Scouting Helmond De Kindervakantieweek, Helmond Oost [\/vc_column_text][vc_column_text] 2024 [\/vc_column_text][vc_column_text] De Buurtcamping Helmond Noord Toneelgroep Genesius Bibliotheek Helmond &#8211; Blikkie Dierenparken Helmond Vrienden van ORO [\/vc_column_text][vc_column_text] 2023 [\/vc_column_text][vc_column_text] Schuldhulpmaatje &#8211; Samen lukt \u2019t Stichting Ondersteuning Vrijwilligers Stichting Leergeld &#8211; Alle kinderen mogen meedoen Werkgroep we care Helmond [\/vc_column_text][vc_column_text] 2022 [\/vc_column_text][vc_column_text] Bibliotheek Helmond M\u00e9\u00e9r Muziek in de Klas Anton van Dijkschool Stichting Helmondse Sporthelden Oekra\u00efnse opvang in Helmond [\/vc_column_text][vc_column_text] 2020 [\/vc_column_text][vc_column_text] Stichting Lucas Gassel Stichting Meedoen Helmond Participatiekoor Lambertus Concerten Lang Leve Cultuur\/Hart voor Ouderen Jibb+ en Healthy Sisters Obuma Nederland-Uganda MOV Stiphout Death Valley de Peel [\/vc_column_text][vc_column_text] 2019 [\/vc_column_text][vc_column_text] CoderDojo Helmond De Cirkel Nei Skoen Ouders en Jeugdzorg Ruilwinkel Humanitas\u00a0Helmond Minor en Het Baken De Korenaer [\/vc_column_text][vc_column_text] 2018 [\/vc_column_text][vc_column_text] Stichting Lambertusconcerten Parkinsoncaf\u00e9 Project Ready to Rock Stichting Rimboband Stichting LIEF Stichting Theo Driessen Instituut Stichting Duofietsen De Cacaofabriek [\/vc_column_text][vc_column_text] 2017 [\/vc_column_text][vc_column_text] Draaiorgelmuseum Helmond Kindercircus Jacona Podium West Speeltuin Helmond-West Will Hawkins Foundation Amy Siemons Foundation [\/vc_column_text][vc_column_text] 2016 [\/vc_column_text][vc_column_text] Jan Visser Dierenparken Jan Visser Museum Psychose Cafe Helmond Speeltuin Leonardus VerwenEvent Stg. Helmond Zorg Lambertus Afd. 4A \/ Oncologie van het Elkerliek [\/vc_column_text][vc_column_text] 2015 [\/vc_column_text][vc_column_text] Jibb Stichting speel je mee De Hilt Stichting Leergeld\u00a0Helmond Inloophuis De Cirkel [\/vc_column_text][vc_column_text] 2014 [\/vc_column_text][vc_column_text] Lunchroom De Keijser Het Kunstkwartier [\/vc_column_text][vc_column_text] 2013 [\/vc_column_text][vc_column_text] Super Sociaal Hospice De Populier [\/vc_column_text][vc_column_text] 2012 [\/vc_column_text][vc_column_text] Playing for Succes Match Mentor Project [\/vc_column_text][vc_column_text] 2011 [\/vc_column_text][vc_column_text] Inloophuis De Cirkel Theo Driessen Instituut [\/vc_column_text][vc_column_text] 2010 [\/vc_column_text][vc_column_text] Stichting Industrieel Erfgoed Stichting de Nederlandse Cacaofabriek [\/vc_column_text][vc_column_text] 2009 [\/vc_column_text][vc_column_text] Out of Area de Ruilwinkel Helmond [\/vc_column_text][vc_column_text] 2008 [\/vc_column_text][vc_column_text] Stichting Osami, L\u2019Accolade Stichting De Noodkreet [\/vc_column_text][vc_column_text] 2007 [\/vc_column_text][vc_column_text] Rode Kruis Helmond het Alzheimer Caf\u00e9 Stichting Welzijn Helmond,\u00a0afd. Helmond-Noord [\/vc_column_text][vc_column_text] 2006 [\/vc_column_text][vc_column_text] Stichting Welzijn Ouderen Helmond\u00a0(SWOH) Stichting Kleinschalig Begeleid Wonen\u00a0(KBWO) [\/vc_column_text][\/vc_column_inner][vc_column_inner width=&#8221;1\/6&#8243;][\/vc_column_inner][\/vc_row_inner][\/vc_column][\/vc_row][vc_row el_class=&#8221;.bannermetrand .bgkleur3&#8243; css=&#8221;.vc_custom_1643991732273{margin-top: 30px !important;padding-top: 20px !important;}&#8221;][vc_column width=&#8221;1\/6&#8243;][\/vc_column][vc_column width=&#8221;2\/3&#8243;][vc_row_inner][vc_column_inner width=&#8221;1\/3&#8243;][vc_column_text] Ter AA Keizerin Marialaan 2 5702 NR Helmond [\/vc_column_text][\/vc_column_inner][vc_column_inner width=&#8221;1\/3&#8243;][vc_column_text] Dhr. Mark Sanders Voorzitter mark@definancielewooncoach.nl +31 6 \u00a021 17 63 12 [\/vc_column_text][\/vc_column_inner][vc_column_inner width=&#8221;1\/3&#8243;][vc_column_text] Dhr. Ren\u00e9 Coolen Secretaris \/ Programmering \/ PR secretaris@nieuwjaarsconcerthelmond.nl +31 6 24 34 91 96 [\/vc_column_text][\/vc_column_inner][\/vc_row_inner][vc_row_inner][vc_column_inner width=&#8221;1\/3&#8243;][vc_column_text] Mw. Antoinette Knoet-Michels Sponsorwerving antoinette@knoetmichels.nl +31 6 15 07 74 93 [\/vc_column_text][\/vc_column_inner][vc_column_inner width=&#8221;1\/3&#8243;][vc_column_text] Dhr. Gertjan Aarts Sponsorwerving gertjan@aartsrisicoadvies.nl +31 6 11 01 52 43 [\/vc_column_text][\/vc_column_inner][vc_column_inner width=&#8221;1\/3&#8243;][vc_column_text] Alle rechten voorbehouden 2atwork.com [\/vc_column_text][\/vc_column_inner][\/vc_row_inner][\/vc_column][vc_column width=&#8221;1\/6&#8243;][\/vc_column][\/vc_row]<\/p>\n","protected":false},"author":1,"featured_media":0,"parent":0,"menu_order":0,"comment_status":"closed","ping_status":"closed","template":"elementor_header_footer","meta":{"footnotes":""},"class_list":["post-247","page","type-page","status-publish","hentry"],"_links":{"self":[{"href":"https:\/\/www.nieuwjaarsconcerthelmond.nl\/1\/wp-json\/wp\/v2\/pages\/247","targetHints":{"allow":["GET"]}}],"collection":[{"href":"https:\/\/www.nieuwjaarsconcerthelmond.nl\/1\/wp-json\/wp\/v2\/pages"}],"about":[{"href":"https:\/\/www.nieuwjaarsconcerthelmond.nl\/1\/wp-json\/wp\/v2\/types\/page"}],"author":[{"embeddable":true,"href":"https:\/\/www.nieuwjaarsconcerthelmond.nl\/1\/wp-json\/wp\/v2\/users\/1"}],"replies":[{"embeddable":true,"href":"https:\/\/www.nieuwjaarsconcerthelmond.nl\/1\/wp-json\/wp\/v2\/comments?post=247"}],"version-history":[{"count":20,"href":"https:\/\/www.nieuwjaarsconcerthelmond.nl\/1\/wp-json\/wp\/v2\/pages\/247\/revisions"}],"predecessor-version":[{"id":1379,"href":"https:\/\/www.nieuwjaarsconcerthelmond.nl\/1\/wp-json\/wp\/v2\/pages\/247\/revisions\/1379"}],"wp:attachment":[{"href":"https:\/\/www.nieuwjaarsconcerthelmond.nl\/1\/wp-json\/wp\/v2\/media?parent=247"}],"curies":[{"name":"wp","href":"https:\/\/api.w.org\/{rel}","templated":true}]}}